{"id":39,"date":"2022-01-09T23:03:05","date_gmt":"2022-01-09T22:03:05","guid":{"rendered":"http:\/\/missionblablacar.com\/?page_id=39"},"modified":"2022-02-14T10:17:47","modified_gmt":"2022-02-14T09:17:47","slug":"contact","status":"publish","type":"page","link":"https:\/\/missionblablacar.com\/php-index\/home\/contact\/","title":{"rendered":"Contact"},"content":{"rendered":"<div  class=\"tatsu-S1W37rDKnY tatsu-section  tatsu-bg-overlay   tatsu-clearfix\" data-title=\"\"  data-headerscheme=\"background--dark\"><div class='tatsu-section-pad clearfix' data-padding='{\"d\":\"90px 15% 90px 15%\",\"m\":\"90px 5% 90px 5%\",\"t\":\"90px 10% 90px 10%\"}' data-padding-top='90px'><div class=\"tatsu-row-wrap  tatsu-wrap tatsu-row-one-col tatsu-row-has-one-cols tatsu-large-gutter tatsu-reg-cols  tatsu-clearfix tatsu-r1l3QHwtnK\" ><div  class=\"tatsu-row \" ><div  class=\"tatsu-column  tatsu-bg-overlay tatsu-one-col tatsu-column-image-none tatsu-column-effect-none  tatsu-BkNrBwYhK\"  data-parallax-speed=\"0\" style=\"\"><div class=\"tatsu-column-inner \" ><div class=\"tatsu-column-pad-wrap\"><div class=\"tatsu-column-pad\" ><div  class=\"tatsu-module tatsu-inline-text clearfix tatsu-H1kEHwF3t   \" ><style>.tatsu-H1kEHwF3t .tatsu-inline-text-inner{width: 100%;text-align: left;}@media only screen and (max-width: 767px) {.tatsu-H1kEHwF3t .tatsu-inline-text-inner{width: 100%;}}<\/style><div class=\"tatsu-inline-text-inner tatsu-align-center\">\n<h2 style=\"font-size: 40px; background-color: #ffffff; line-height: 54px;\"><span class=\"palette-2\" style=\"font-size: 40px;\">Et si on s\u2019\u00e9crivait ?<\/span><\/h2>\n<p style=\"font-size: 16px; background-color: #ffffff; color: #55777e;\"><span class=\"palette-1 body\" style=\"color: #55777e;\">Vous avez ador\u00e9 ou d\u00e9test\u00e9 ? Vous avez appris ou bien d\u00e9j\u00e0 tout oubli\u00e9 ? Vous auriez souhait\u00e9 que l\u2019on d\u00e9veloppe plus un certain sujet ? Vous avez rep\u00e9r\u00e9 une inexactitude ? Ou bien vous voulez simplement nous poser une question\u2026<\/span><\/p>\n<\/div><\/div>        <div  class = \"exp-contact-form-cf7 exp-module  tatsu-BkjvBwFhF \" >\n            <style>.tatsu-BkjvBwFhF input:not([type=\"submit\"]), .tatsu-BkjvBwFhF textarea, .tatsu-BkjvBwFhF select{background: rgba(155,155,155,0.2);}.tatsu-BkjvBwFhF input:not([type=\"submit\"]), .tatsu-BkjvBwFhF textarea{color: rgba(0,46,57,1) ;}.tatsu-BkjvBwFhF label, .tatsu-BkjvBwFhF ::-webkit-input-placeholder{color: rgba(89,119,126,1) ;}.tatsu-BkjvBwFhF input[type = \"submit\"]{color: #ffffff ;background-color: rgba(21,184,230,1);}.tatsu-BkjvBwFhF{border-width: 0px 0px 0px 0px;border-style: solid;margin: 0px 0px 120px 0px;}@media only screen and (min-width:768px) and (max-width: 1024px) {.tatsu-BkjvBwFhF{margin: 0 0 90px 0;}}<\/style>            <div class = \"exp-contact-cf7-inner\">\n                \n<div class=\"wpcf7 no-js\" id=\"wpcf7-f334-o1\" lang=\"fr-FR\" dir=\"ltr\" data-wpcf7-id=\"334\">\n<div class=\"screen-reader-response\"><p role=\"status\" aria-live=\"polite\" aria-atomic=\"true\"><\/p> <ul><\/ul><\/div>\n<form action=\"\/php-index\/home\/wp-json\/wp\/v2\/pages\/39#wpcf7-f334-o1\" method=\"post\" class=\"wpcf7-form init exp-form-pill exp-button-pill exp-form\" aria-label=\"Formulaire de contact\" novalidate=\"novalidate\" data-status=\"init\">\n<div style=\"display: none;\">\n<input type=\"hidden\" name=\"_wpcf7\" value=\"334\" \/>\n<input type=\"hidden\" name=\"_wpcf7_version\" value=\"6.0.6\" \/>\n<input type=\"hidden\" name=\"_wpcf7_locale\" value=\"fr_FR\" \/>\n<input type=\"hidden\" name=\"_wpcf7_unit_tag\" value=\"wpcf7-f334-o1\" \/>\n<input type=\"hidden\" name=\"_wpcf7_container_post\" value=\"0\" \/>\n<input type=\"hidden\" name=\"_wpcf7_posted_data_hash\" value=\"\" \/>\n<\/div>\n<span class=\"wpcf7-form-control-wrap\" data-name=\"your-name\"><input size=\"40\" maxlength=\"400\" class=\"wpcf7-form-control wpcf7-text wpcf7-validates-as-required\" aria-required=\"true\" aria-invalid=\"false\" placeholder=\"Nom\" value=\"\" type=\"text\" name=\"your-name\" \/><\/span>\n          <span class=\"wpcf7-form-control-wrap\" data-name=\"your-email\"><input size=\"40\" maxlength=\"400\" class=\"wpcf7-form-control wpcf7-email wpcf7-validates-as-required wpcf7-text wpcf7-validates-as-email\" aria-required=\"true\" aria-invalid=\"false\" placeholder=\"Email\" value=\"\" type=\"email\" name=\"your-email\" \/><\/span>\n          <span class=\"wpcf7-form-control-wrap\" data-name=\"your-subject\"><input size=\"40\" maxlength=\"400\" class=\"wpcf7-form-control wpcf7-text\" aria-invalid=\"false\" placeholder=\"Objet\" value=\"\" type=\"text\" name=\"your-subject\" \/><\/span> \n          <span class=\"wpcf7-form-control-wrap\" data-name=\"your-message\"><textarea cols=\"40\" rows=\"10\" maxlength=\"2000\" class=\"wpcf7-form-control wpcf7-textarea\" aria-invalid=\"false\" placeholder=\"Message\" name=\"your-message\"><\/textarea><\/span>\n          <div id=\"cf7sr-69d43e468023d\" class=\"cf7sr-g-recaptcha\" data-theme=\"light\" data-type=\"image\" data-size=\"normal\" data-sitekey=\"6LfRqwceAAAAACoIChrBMRI8XVRgMREsIqfuMeXE\"><\/div><span class=\"wpcf7-form-control-wrap cf7sr-recaptcha\" data-name=\"cf7sr-recaptcha\"><input type=\"hidden\" name=\"cf7sr-recaptcha\" value=\"\" class=\"wpcf7-form-control\"><\/span>\n          <input class=\"wpcf7-form-control wpcf7-submit has-spinner\" type=\"submit\" value=\"Envoyer\" \/><p style=\"display: none !important;\" class=\"akismet-fields-container\" data-prefix=\"_wpcf7_ak_\"><label>&#916;<textarea name=\"_wpcf7_ak_hp_textarea\" cols=\"45\" rows=\"8\" maxlength=\"100\"><\/textarea><\/label><input type=\"hidden\" id=\"ak_js_1\" name=\"_wpcf7_ak_js\" value=\"147\"\/><script>document.getElementById( \"ak_js_1\" ).setAttribute( \"value\", ( new Date() ).getTime() );<\/script><\/p><div class=\"wpcf7-response-output\" aria-hidden=\"true\"><\/div>\n<\/form>\n<\/div>\n            <\/div>\n        <\/div>\n<div class=\"tatsu-row-wrap  tatsu-row-has-one-half tatsu-row-has-two-cols tatsu-large-gutter tatsu-reg-cols tatsu-inner-row-wrap  tatsu-clearfix tatsu-Hyl0nMx-kq\" ><div  class=\"tatsu-row \" ><div  class=\"tatsu-column  tatsu-bg-overlay tatsu-one-half tatsu-column-image- tatsu-column-effect-  tatsu-H1xaGlbkq\"  data-parallax-speed=\"0\" style=\"\"><div class=\"tatsu-column-inner \" ><div class=\"tatsu-column-pad-wrap\"><div class=\"tatsu-column-pad\" ><div  class=\"tatsu-module tatsu-inline-text clearfix tatsu-S1P0rvYnt   \" ><style>.tatsu-S1P0rvYnt .tatsu-inline-text-inner{width: 100%;text-align: left;}@media only screen and (max-width: 767px) {.tatsu-S1P0rvYnt .tatsu-inline-text-inner{width: 100%;}}<\/style><div class=\"tatsu-inline-text-inner tatsu-align-center\">\n<h4 style=\"font-size: 24px; background-color: #ffffff; line-height: 36px;\">Vous souhaitez commander en grande quantit\u00e9 ?<\/h4>\n<p style=\"font-size: 16px; background-color: #ffffff; color: #55777e;\"><span id=\"docs-internal-guid-669b28e9-7fff-e6ed-7d35-7f7fc91f4dd4\" class=\"body\">Vous souhaitez commander plusieurs exemplaires pour une conf\u00e9rence, pour vos clients ou partenaires, pour une \u00e9cole, un incubateur de startups ou un salon ? Merci de pr\u00e9ciser votre demande directement dans le formulaire de contact ci-dessous (nombre d&rsquo;exemplaires, \u00e9v\u00e9nement, lieu de livraison, date) et nous reviendrons vers vous avec une offre.<\/span><\/p>\n<\/div><\/div>        <div  class = \"exp-contact-form-cf7 exp-module  tatsu-Byx3-xZy5 \" >\n            <style>.tatsu-Byx3-xZy5 input:not([type=\"submit\"]), .tatsu-Byx3-xZy5 textarea, .tatsu-Byx3-xZy5 select{background: rgba(155,155,155,0.2);}.tatsu-Byx3-xZy5 input:not([type=\"submit\"]), .tatsu-Byx3-xZy5 textarea{color: rgba(0,46,57,1) ;}.tatsu-Byx3-xZy5 label, .tatsu-Byx3-xZy5 ::-webkit-input-placeholder{color: rgba(89,119,126,1) ;}.tatsu-Byx3-xZy5 input[type = \"submit\"]{color: #ffffff ;background-color: rgba(21,184,230,1);}.tatsu-Byx3-xZy5{border-width: 0px 0px 0px 0px;border-style: solid;margin: 0px 0px 90px 0px;}@media only screen and (min-width:768px) and (max-width: 1024px) {.tatsu-Byx3-xZy5{margin: 0px 0px 60px 0px;}}@media only screen and (max-width: 767px) {.tatsu-Byx3-xZy5{margin: 0px 0px 60px 0px;}}<\/style>            <div class = \"exp-contact-cf7-inner\">\n                \n<div class=\"wpcf7 no-js\" id=\"wpcf7-f1252-o2\" lang=\"fr-FR\" dir=\"ltr\" data-wpcf7-id=\"1252\">\n<div class=\"screen-reader-response\"><p role=\"status\" aria-live=\"polite\" aria-atomic=\"true\"><\/p> <ul><\/ul><\/div>\n<form action=\"\/php-index\/home\/wp-json\/wp\/v2\/pages\/39#wpcf7-f1252-o2\" method=\"post\" class=\"wpcf7-form init exp-form-pill exp-button-pill exp-form\" aria-label=\"Formulaire de contact\" novalidate=\"novalidate\" data-status=\"init\">\n<div style=\"display: none;\">\n<input type=\"hidden\" name=\"_wpcf7\" value=\"1252\" \/>\n<input type=\"hidden\" name=\"_wpcf7_version\" value=\"6.0.6\" \/>\n<input type=\"hidden\" name=\"_wpcf7_locale\" value=\"fr_FR\" \/>\n<input type=\"hidden\" name=\"_wpcf7_unit_tag\" value=\"wpcf7-f1252-o2\" \/>\n<input type=\"hidden\" name=\"_wpcf7_container_post\" value=\"0\" \/>\n<input type=\"hidden\" name=\"_wpcf7_posted_data_hash\" value=\"\" \/>\n<\/div>\n<span class=\"wpcf7-form-control-wrap\" data-name=\"your-name\"><input size=\"40\" maxlength=\"400\" class=\"wpcf7-form-control wpcf7-text wpcf7-validates-as-required\" aria-required=\"true\" aria-invalid=\"false\" placeholder=\"Nom\" value=\"\" type=\"text\" name=\"your-name\" \/><\/span>\n          <span class=\"wpcf7-form-control-wrap\" data-name=\"your-email\"><input size=\"40\" maxlength=\"400\" class=\"wpcf7-form-control wpcf7-email wpcf7-validates-as-required wpcf7-text wpcf7-validates-as-email\" aria-required=\"true\" aria-invalid=\"false\" placeholder=\"Email\" value=\"\" type=\"email\" name=\"your-email\" \/><\/span>\n          <span class=\"wpcf7-form-control-wrap\" data-name=\"your-subject\"><input size=\"40\" maxlength=\"400\" class=\"wpcf7-form-control wpcf7-text\" aria-invalid=\"false\" placeholder=\"Objet\" value=\"\" type=\"text\" name=\"your-subject\" \/><\/span> \n          <span class=\"wpcf7-form-control-wrap\" data-name=\"your-message\"><textarea cols=\"40\" rows=\"10\" maxlength=\"2000\" class=\"wpcf7-form-control wpcf7-textarea\" aria-invalid=\"false\" placeholder=\"Message\" name=\"your-message\"><\/textarea><\/span>\n          <div id=\"cf7sr-69d43e46806ad\" class=\"cf7sr-g-recaptcha\" data-theme=\"light\" data-type=\"image\" data-size=\"normal\" data-sitekey=\"6LfRqwceAAAAACoIChrBMRI8XVRgMREsIqfuMeXE\"><\/div><span class=\"wpcf7-form-control-wrap cf7sr-recaptcha\" data-name=\"cf7sr-recaptcha\"><input type=\"hidden\" name=\"cf7sr-recaptcha\" value=\"\" class=\"wpcf7-form-control\"><\/span>\n          <input class=\"wpcf7-form-control wpcf7-submit has-spinner\" type=\"submit\" value=\"Envoyer\" \/><p style=\"display: none !important;\" class=\"akismet-fields-container\" data-prefix=\"_wpcf7_ak_\"><label>&#916;<textarea name=\"_wpcf7_ak_hp_textarea\" cols=\"45\" rows=\"8\" maxlength=\"100\"><\/textarea><\/label><input type=\"hidden\" id=\"ak_js_2\" name=\"_wpcf7_ak_js\" value=\"87\"\/><script>document.getElementById( \"ak_js_2\" ).setAttribute( \"value\", ( new Date() ).getTime() );<\/script><\/p><div class=\"wpcf7-response-output\" aria-hidden=\"true\"><\/div>\n<\/form>\n<\/div>\n            <\/div>\n        <\/div>\n<\/div><\/div><div class = \"tatsu-column-bg-image-wrap\"><div class = \"tatsu-column-bg-image\" ><\/div><\/div><div class=\"tatsu-overlay tatsu-column-overlay tatsu-animate-none\" ><\/div><\/div><style>.tatsu-row > .tatsu-H1xaGlbkq.tatsu-column{width: 50%;}.tatsu-H1xaGlbkq.tatsu-column > .tatsu-column-inner > .tatsu-column-overlay{mix-blend-mode: normal;}.tatsu-H1xaGlbkq > .tatsu-column-inner > .tatsu-top-divider{z-index: 9999;}.tatsu-H1xaGlbkq > .tatsu-column-inner > .tatsu-bottom-divider{z-index: 9999;}.tatsu-H1xaGlbkq > .tatsu-column-inner > .tatsu-left-divider{z-index: 9999;}.tatsu-H1xaGlbkq > .tatsu-column-inner > .tatsu-right-divider{z-index: 9999;}@media only screen and (max-width:1377px) {.tatsu-row > .tatsu-H1xaGlbkq.tatsu-column{width: 50%;}}@media only screen and (min-width:768px) and (max-width: 1024px) {.tatsu-row > .tatsu-H1xaGlbkq.tatsu-column{width: 100%;}}@media only screen and (max-width: 767px) {.tatsu-row > .tatsu-H1xaGlbkq.tatsu-column{width: 100%;}}<\/style><\/div><div  class=\"tatsu-column  tatsu-bg-overlay tatsu-one-half tatsu-column-image- tatsu-column-effect-  tatsu-ByeeTMe-kq\"  data-parallax-speed=\"0\" style=\"\"><div class=\"tatsu-column-inner \" ><div class=\"tatsu-column-pad-wrap\"><div class=\"tatsu-column-pad\" ><div  class=\"tatsu-module tatsu-inline-text clearfix tatsu-HJyJIDt3K   \" ><style>.tatsu-HJyJIDt3K .tatsu-inline-text-inner{width: 100%;text-align: left;}@media only screen and (max-width: 767px) {.tatsu-HJyJIDt3K .tatsu-inline-text-inner{width: 100%;}}<\/style><div class=\"tatsu-inline-text-inner tatsu-align-center\">\n<h4 style=\"font-size: 24px; background-color: #ffffff; line-height: 36px;\">M\u00e9diakit<\/h4>\n<p style=\"font-size: 16px; background-color: #ffffff; color: #55777e;\"><span class=\"palette-0 body\"><span class=\"palette-1 body\" style=\"color: #55777e;\">Un dossier avec des images et un communiqu\u00e9 de presse est disponib<\/span><\/span>le ci-dessous.\u00a0<\/p>\n<\/div><\/div><div  class=\"tatsu-module tatsu-normal-button tatsu-button-wrap   tatsu-Sy6l4mohK   \"><a class=\"tatsu-shortcode mediumbtn tatsu-button left-icon circular   bg-animation-none  \" href=\"https:\/\/missionblablacar.com\/wp-content\/uploads\/2022\/01\/MediaKit-Mission-BlaBlaCar.zip\" style= \"\"  aria-label=\"T\u00e9l\u00e9charger le Mediakit\" data-gdpr-atts={} target=\"_blank\">T\u00e9l\u00e9charger le Mediakit<\/a><style>.tatsu-Sy6l4mohK .tatsu-button{background-color: rgba(21,184,230,1);color: #ffffff ;}.tatsu-Sy6l4mohK .tatsu-button:hover{background-color: rgba(0,46,57,1);color: #ffffff ;}<\/style><\/div><\/div><\/div><div class = \"tatsu-column-bg-image-wrap\"><div class = \"tatsu-column-bg-image\" ><\/div><\/div><div class=\"tatsu-overlay tatsu-column-overlay tatsu-animate-none\" ><\/div><\/div><style>.tatsu-row > .tatsu-ByeeTMe-kq.tatsu-column{width: 50%;}.tatsu-ByeeTMe-kq.tatsu-column > .tatsu-column-inner > .tatsu-column-overlay{mix-blend-mode: normal;}.tatsu-ByeeTMe-kq > .tatsu-column-inner > .tatsu-top-divider{z-index: 9999;}.tatsu-ByeeTMe-kq > .tatsu-column-inner > .tatsu-bottom-divider{z-index: 9999;}.tatsu-ByeeTMe-kq > .tatsu-column-inner > .tatsu-left-divider{z-index: 9999;}.tatsu-ByeeTMe-kq > .tatsu-column-inner > .tatsu-right-divider{z-index: 9999;}@media only screen and (max-width:1377px) {.tatsu-row > .tatsu-ByeeTMe-kq.tatsu-column{width: 50%;}}@media only screen and (min-width:768px) and (max-width: 1024px) {.tatsu-row > .tatsu-ByeeTMe-kq.tatsu-column{width: 100%;}}@media only screen and (max-width: 767px) {.tatsu-row > .tatsu-ByeeTMe-kq.tatsu-column{width: 100%;}}<\/style><\/div><\/div><\/div><\/div><\/div><div class = \"tatsu-column-bg-image-wrap\"><div class = \"tatsu-column-bg-image\" ><\/div><\/div><div class=\"tatsu-overlay tatsu-column-overlay tatsu-animate-none\" ><\/div><\/div><style>.tatsu-row > .tatsu-BkNrBwYhK.tatsu-column{width: 100%;}.tatsu-BkNrBwYhK.tatsu-column > .tatsu-column-inner > .tatsu-column-overlay{mix-blend-mode: normal;}.tatsu-BkNrBwYhK > .tatsu-column-inner > .tatsu-top-divider{z-index: 9999;}.tatsu-BkNrBwYhK > .tatsu-column-inner > .tatsu-bottom-divider{z-index: 9999;}.tatsu-BkNrBwYhK > .tatsu-column-inner > .tatsu-left-divider{z-index: 9999;}.tatsu-BkNrBwYhK > .tatsu-column-inner > .tatsu-right-divider{z-index: 9999;}@media only screen and (max-width:1377px) {.tatsu-row > .tatsu-BkNrBwYhK.tatsu-column{width: 100%;}}@media only screen and (min-width:768px) and (max-width: 1024px) {.tatsu-row > .tatsu-BkNrBwYhK.tatsu-column{width: 100%;}.tatsu-BkNrBwYhK.tatsu-column{margin: 0 0px 0 0 !important;}}@media only screen and (max-width: 767px) {.tatsu-row > .tatsu-BkNrBwYhK.tatsu-column{width: 100%;}}<\/style><\/div><\/div><\/div><\/div><div class=\"tatsu-section-background-wrap\"><div class = \"tatsu-section-background\" ><\/div><\/div><div class=\"tatsu-overlay tatsu-section-overlay\"><\/div><style>.tatsu-S1W37rDKnY .tatsu-section-pad{padding: 90px 15% 90px 15%;}.tatsu-S1W37rDKnY .tatsu-section-offset-wrap{transform: translateY(-0px);}.tatsu-S1W37rDKnY > .tatsu-bottom-divider{z-index: 9999;}.tatsu-S1W37rDKnY > .tatsu-top-divider{z-index: 9999;}.tatsu-S1W37rDKnY .tatsu-section-overlay{mix-blend-mode: normal;}@media only screen and (min-width:768px) and (max-width: 1024px) {.tatsu-S1W37rDKnY .tatsu-section-pad{padding: 90px 10% 90px 10%;}}@media only screen and (max-width: 767px) {.tatsu-S1W37rDKnY .tatsu-section-pad{padding: 90px 5% 90px 5%;}}<\/style><\/div>\n","protected":false},"excerpt":{"rendered":"<div><a href=\"https:\/\/missionblablacar.com\/php-index\/home\/contact\/\" class=\"exp-read-more exp-read-more-underlined\">Read More<\/a><\/div>\n","protected":false},"author":1,"featured_media":0,"parent":0,"menu_order":0,"comment_status":"closed","ping_status":"closed","template":"","meta":{"footnotes":""},"class_list":["post-39","page","type-page","status-publish","hentry"],"yoast_head":"<!-- This site is optimized with the Yoast SEO plugin v25.6 - https:\/\/yoast.com\/wordpress\/plugins\/seo\/ -->\n<title>Contact - Mission BlaBlaCar<\/title>\n<meta name=\"robots\" content=\"index, follow, max-snippet:-1, max-image-preview:large, max-video-preview:-1\" \/>\n<link rel=\"canonical\" href=\"https:\/\/missionblablacar.com\/php-index\/home\/contact\/\" \/>\n<meta property=\"og:locale\" content=\"fr_FR\" \/>\n<meta property=\"og:type\" content=\"article\" \/>\n<meta property=\"og:title\" content=\"Contact - Mission BlaBlaCar\" \/>\n<meta property=\"og:description\" content=\"Read More\" \/>\n<meta property=\"og:url\" content=\"https:\/\/missionblablacar.com\/php-index\/home\/contact\/\" \/>\n<meta property=\"og:site_name\" content=\"Mission BlaBlaCar\" \/>\n<meta property=\"article:publisher\" content=\"https:\/\/www.facebook.com\/mazzella.frederic\" \/>\n<meta property=\"article:modified_time\" content=\"2022-02-14T09:17:47+00:00\" \/>\n<meta name=\"twitter:card\" content=\"summary_large_image\" \/>\n<meta name=\"twitter:site\" content=\"@mazaic\" \/>\n<meta name=\"twitter:label1\" content=\"Dur\u00e9e de lecture estim\u00e9e\" \/>\n\t<meta name=\"twitter:data1\" content=\"4 minutes\" \/>\n<script type=\"application\/ld+json\" class=\"yoast-schema-graph\">{\"@context\":\"https:\/\/schema.org\",\"@graph\":[{\"@type\":\"WebPage\",\"@id\":\"https:\/\/missionblablacar.com\/php-index\/home\/contact\/\",\"url\":\"https:\/\/missionblablacar.com\/php-index\/home\/contact\/\",\"name\":\"Contact - Mission BlaBlaCar\",\"isPartOf\":{\"@id\":\"https:\/\/missionblablacar.com\/php-index\/home\/#website\"},\"datePublished\":\"2022-01-09T22:03:05+00:00\",\"dateModified\":\"2022-02-14T09:17:47+00:00\",\"breadcrumb\":{\"@id\":\"https:\/\/missionblablacar.com\/php-index\/home\/contact\/#breadcrumb\"},\"inLanguage\":\"fr-FR\",\"potentialAction\":[{\"@type\":\"ReadAction\",\"target\":[\"https:\/\/missionblablacar.com\/php-index\/home\/contact\/\"]}]},{\"@type\":\"BreadcrumbList\",\"@id\":\"https:\/\/missionblablacar.com\/php-index\/home\/contact\/#breadcrumb\",\"itemListElement\":[{\"@type\":\"ListItem\",\"position\":1,\"name\":\"Accueil\",\"item\":\"https:\/\/missionblablacar.com\/php-index\/home\/\"},{\"@type\":\"ListItem\",\"position\":2,\"name\":\"Contact\"}]},{\"@type\":\"WebSite\",\"@id\":\"https:\/\/missionblablacar.com\/php-index\/home\/#website\",\"url\":\"https:\/\/missionblablacar.com\/php-index\/home\/\",\"name\":\"Mission BlaBlaCar\",\"description\":\"Un livre sur l&#039;entreprenariat par le fondateur de BlaBlaCar\",\"publisher\":{\"@id\":\"https:\/\/missionblablacar.com\/php-index\/home\/#organization\"},\"potentialAction\":[{\"@type\":\"SearchAction\",\"target\":{\"@type\":\"EntryPoint\",\"urlTemplate\":\"https:\/\/missionblablacar.com\/php-index\/home\/?s={search_term_string}\"},\"query-input\":{\"@type\":\"PropertyValueSpecification\",\"valueRequired\":true,\"valueName\":\"search_term_string\"}}],\"inLanguage\":\"fr-FR\"},{\"@type\":\"Organization\",\"@id\":\"https:\/\/missionblablacar.com\/php-index\/home\/#organization\",\"name\":\"Mission BlaBlaCar\",\"url\":\"https:\/\/missionblablacar.com\/php-index\/home\/\",\"logo\":{\"@type\":\"ImageObject\",\"inLanguage\":\"fr-FR\",\"@id\":\"https:\/\/missionblablacar.com\/php-index\/home\/#\/schema\/logo\/image\/\",\"url\":\"http:\/\/missionblablacar.com\/wp-content\/uploads\/2022\/01\/cropped-logo_livre-1.png\",\"contentUrl\":\"http:\/\/missionblablacar.com\/wp-content\/uploads\/2022\/01\/cropped-logo_livre-1.png\",\"width\":270,\"height\":100,\"caption\":\"Mission BlaBlaCar\"},\"image\":{\"@id\":\"https:\/\/missionblablacar.com\/php-index\/home\/#\/schema\/logo\/image\/\"},\"sameAs\":[\"https:\/\/www.facebook.com\/mazzella.frederic\",\"https:\/\/x.com\/mazaic\",\"https:\/\/www.instagram.com\/fredericmazzella\/?hl=fr\",\"https:\/\/www.linkedin.com\/in\/fredericmazzella\/?locale=fr_FR\",\"https:\/\/fr.wikipedia.org\/wiki\/Frederic_Mazzella\"]}]}<\/script>\n<!-- \/ Yoast SEO plugin. -->","yoast_head_json":{"title":"Contact - Mission BlaBlaCar","robots":{"index":"index","follow":"follow","max-snippet":"max-snippet:-1","max-image-preview":"max-image-preview:large","max-video-preview":"max-video-preview:-1"},"canonical":"https:\/\/missionblablacar.com\/php-index\/home\/contact\/","og_locale":"fr_FR","og_type":"article","og_title":"Contact - Mission BlaBlaCar","og_description":"Read More","og_url":"https:\/\/missionblablacar.com\/php-index\/home\/contact\/","og_site_name":"Mission BlaBlaCar","article_publisher":"https:\/\/www.facebook.com\/mazzella.frederic","article_modified_time":"2022-02-14T09:17:47+00:00","twitter_card":"summary_large_image","twitter_site":"@mazaic","twitter_misc":{"Dur\u00e9e de lecture estim\u00e9e":"4 minutes"},"schema":{"@context":"https:\/\/schema.org","@graph":[{"@type":"WebPage","@id":"https:\/\/missionblablacar.com\/php-index\/home\/contact\/","url":"https:\/\/missionblablacar.com\/php-index\/home\/contact\/","name":"Contact - Mission BlaBlaCar","isPartOf":{"@id":"https:\/\/missionblablacar.com\/php-index\/home\/#website"},"datePublished":"2022-01-09T22:03:05+00:00","dateModified":"2022-02-14T09:17:47+00:00","breadcrumb":{"@id":"https:\/\/missionblablacar.com\/php-index\/home\/contact\/#breadcrumb"},"inLanguage":"fr-FR","potentialAction":[{"@type":"ReadAction","target":["https:\/\/missionblablacar.com\/php-index\/home\/contact\/"]}]},{"@type":"BreadcrumbList","@id":"https:\/\/missionblablacar.com\/php-index\/home\/contact\/#breadcrumb","itemListElement":[{"@type":"ListItem","position":1,"name":"Accueil","item":"https:\/\/missionblablacar.com\/php-index\/home\/"},{"@type":"ListItem","position":2,"name":"Contact"}]},{"@type":"WebSite","@id":"https:\/\/missionblablacar.com\/php-index\/home\/#website","url":"https:\/\/missionblablacar.com\/php-index\/home\/","name":"Mission BlaBlaCar","description":"Un livre sur l&#039;entreprenariat par le fondateur de BlaBlaCar","publisher":{"@id":"https:\/\/missionblablacar.com\/php-index\/home\/#organization"},"potentialAction":[{"@type":"SearchAction","target":{"@type":"EntryPoint","urlTemplate":"https:\/\/missionblablacar.com\/php-index\/home\/?s={search_term_string}"},"query-input":{"@type":"PropertyValueSpecification","valueRequired":true,"valueName":"search_term_string"}}],"inLanguage":"fr-FR"},{"@type":"Organization","@id":"https:\/\/missionblablacar.com\/php-index\/home\/#organization","name":"Mission BlaBlaCar","url":"https:\/\/missionblablacar.com\/php-index\/home\/","logo":{"@type":"ImageObject","inLanguage":"fr-FR","@id":"https:\/\/missionblablacar.com\/php-index\/home\/#\/schema\/logo\/image\/","url":"http:\/\/missionblablacar.com\/wp-content\/uploads\/2022\/01\/cropped-logo_livre-1.png","contentUrl":"http:\/\/missionblablacar.com\/wp-content\/uploads\/2022\/01\/cropped-logo_livre-1.png","width":270,"height":100,"caption":"Mission BlaBlaCar"},"image":{"@id":"https:\/\/missionblablacar.com\/php-index\/home\/#\/schema\/logo\/image\/"},"sameAs":["https:\/\/www.facebook.com\/mazzella.frederic","https:\/\/x.com\/mazaic","https:\/\/www.instagram.com\/fredericmazzella\/?hl=fr","https:\/\/www.linkedin.com\/in\/fredericmazzella\/?locale=fr_FR","https:\/\/fr.wikipedia.org\/wiki\/Frederic_Mazzella"]}]}},"_links":{"self":[{"href":"https:\/\/missionblablacar.com\/php-index\/home\/wp-json\/wp\/v2\/pages\/39"}],"collection":[{"href":"https:\/\/missionblablacar.com\/php-index\/home\/wp-json\/wp\/v2\/pages"}],"about":[{"href":"https:\/\/missionblablacar.com\/php-index\/home\/wp-json\/wp\/v2\/types\/page"}],"author":[{"embeddable":true,"href":"https:\/\/missionblablacar.com\/php-index\/home\/wp-json\/wp\/v2\/users\/1"}],"replies":[{"embeddable":true,"href":"https:\/\/missionblablacar.com\/php-index\/home\/wp-json\/wp\/v2\/comments?post=39"}],"version-history":[{"count":13,"href":"https:\/\/missionblablacar.com\/php-index\/home\/wp-json\/wp\/v2\/pages\/39\/revisions"}],"predecessor-version":[{"id":1310,"href":"https:\/\/missionblablacar.com\/php-index\/home\/wp-json\/wp\/v2\/pages\/39\/revisions\/1310"}],"wp:attachment":[{"href":"https:\/\/missionblablacar.com\/php-index\/home\/wp-json\/wp\/v2\/media?parent=39"}],"curies":[{"name":"wp","href":"https:\/\/api.w.org\/{rel}","templated":true}]}}