{"id":41,"date":"2022-01-09T23:03:16","date_gmt":"2022-01-09T22:03:16","guid":{"rendered":"http:\/\/missionblablacar.com\/?page_id=41"},"modified":"2022-02-18T12:26:21","modified_gmt":"2022-02-18T11:26:21","slug":"acheter-le-livre","status":"publish","type":"page","link":"https:\/\/missionblablacar.com\/php-index\/home\/acheter-le-livre\/","title":{"rendered":"Acheter le livre"},"content":{"rendered":"<div  class=\"tatsu-SyWMv_vY2t tatsu-section  tatsu-bg-overlay   tatsu-clearfix\" data-title=\"\"  data-headerscheme=\"background--dark\"><div class='tatsu-section-pad clearfix' data-padding='{\"d\":\"90px 15% 199px 15%\",\"m\":\"60px 5% 60px 5%\"}' data-padding-top='60px'><div class=\"tatsu-row-wrap  tatsu-wrap tatsu-row-one-col tatsu-row-has-one-cols tatsu-medium-gutter tatsu-reg-cols  tatsu-clearfix tatsu-SyefD_vYht\" ><div  class=\"tatsu-row \" ><div  class=\"tatsu-column  tatsu-bg-overlay tatsu-one-col tatsu-column-image-none tatsu-column-effect-none  tatsu-r1zP_PthY\"  data-parallax-speed=\"0\" style=\"\"><div class=\"tatsu-column-inner \" ><div class=\"tatsu-column-pad-wrap\"><div class=\"tatsu-column-pad\" ><div  class=\"tatsu-module tatsu-inline-text clearfix tatsu-S1LwdvFnY   \" ><style>.tatsu-S1LwdvFnY .tatsu-inline-text-inner{width: 100%;text-align: left;}.tatsu-S1LwdvFnY.tatsu-inline-text{margin: 0px 0px 60px 0px;}@media only screen and (max-width: 767px) {.tatsu-S1LwdvFnY .tatsu-inline-text-inner{width: 100%;}}<\/style><div class=\"tatsu-inline-text-inner tatsu-align-center\">\n<h1>Disponible partout<\/h1>\n<p style=\"font-size: 16px; background-color: #ffffff; color: #55777e;\"><span id=\"docs-internal-guid-fd81d527-7fff-6978-8b46-bf1a0ec8104c\" style=\"font-size: 16px;\"><\/span><span class=\"body\"><span id=\"docs-internal-guid-fd81d527-7fff-6978-8b46-bf1a0ec8104c\" style=\"font-size: 16px;\">Plongez dans le parcours \u00e9motionnel et intellectuel de la cr\u00e9ation d\u2019un projet et des quinze ann\u00e9es palpitantes qui s\u2019en sont suivies.&nbsp;<\/span><span id=\"docs-internal-guid-fd81d527-7fff-6978-8b46-bf1a0ec8104c\" style=\"font-size: 16px;\">\u00c0 travers le r\u00e9cit th\u00e9matique de l\u2019aventure BlaBlaCar confront\u00e9 \u00e0 la r\u00e9alit\u00e9 d\u2019autres p\u00e9pites digitales, les auteurs livrent de pr\u00e9cieux outils \u00e0 la nouvelle g\u00e9n\u00e9ration d\u2019entrepreneurs.<\/span><\/span><\/p>\n<\/div><\/div><div class=\"tatsu-row-wrap  tatsu-row-has-five-cols tatsu-medium-gutter tatsu-reg-cols tatsu-inner-row-wrap  tatsu-clearfix tatsu-rJx9qWJGTY\" ><div  class=\"tatsu-row \" ><div  class=\"tatsu-column  tatsu-bg-overlay tatsu-one-fifth tatsu-column-image- tatsu-column-effect-  tatsu-r1j9WyMaY\"  data-parallax-speed=\"0\" style=\"\"><div class=\"tatsu-column-inner \" ><div class=\"tatsu-column-pad-wrap\"><div class=\"tatsu-column-pad\" ><div  class=\"tatsu-single-image tatsu-module align-center tatsu-image-lazyload tatsu-external-image tatsu-r1ymYwthF  \" ><div class=\"tatsu-single-image-inner \" style=\"\" ><div class = \"tatsu-single-image-padding-wrap\" style = \"\" ><\/div><a href = \"https:\/\/www.awin1.com\/cread.php?awinmid=12665&amp;awinaffid=993903&amp;ued=https%3A%2F%2Flivre.fnac.com%2Fa15937852%2FFrederic-Mazzella-Mission-BlaBlaCar\" target = \"_blank\" ><img class = \"tatsu-gradient-border\" data-src = \"http:\/\/missionblablacar.com\/wp-content\/uploads\/2022\/01\/Logo_fnac_ok.jpg\" alt =\" \"  src =\"data:image\/png;base64,iVBORw0KGgoAAAANSUhEUgAAAAEAAAABCAQAAAC1HAwCAAAAC0lEQVR42mNkYAAAAAYAAjCB0C8AAAAASUVORK5CYII=\"  \/><\/a><\/div><style>.tatsu-r1ymYwthF{margin: 5px 0px 0px 0px;}.tatsu-r1ymYwthF .tatsu-single-image-inner{border-style: solid;max-width: 50%;}.tatsu-r1ymYwthF.tatsu-single-image{transform: translate3d(0px,0px, 0);}@media only screen and (min-width:768px) and (max-width: 1024px) {.tatsu-r1ymYwthF .tatsu-single-image-inner{max-width: 25%;}}<\/style><\/div><\/div><\/div><div class = \"tatsu-column-bg-image-wrap\"><div class = \"tatsu-column-bg-image\" ><\/div><\/div><div class=\"tatsu-overlay tatsu-column-overlay tatsu-animate-none\" ><\/div><\/div><style>.tatsu-row > .tatsu-r1j9WyMaY.tatsu-column{width: 20%;}.tatsu-r1j9WyMaY.tatsu-column > .tatsu-column-inner > .tatsu-column-overlay{mix-blend-mode: normal;}.tatsu-r1j9WyMaY > .tatsu-column-inner > .tatsu-top-divider{z-index: 9999;}.tatsu-r1j9WyMaY > .tatsu-column-inner > .tatsu-bottom-divider{z-index: 9999;}.tatsu-r1j9WyMaY > .tatsu-column-inner > .tatsu-left-divider{z-index: 9999;}.tatsu-r1j9WyMaY > .tatsu-column-inner > .tatsu-right-divider{z-index: 9999;}@media only screen and (max-width:1377px) {.tatsu-row > .tatsu-r1j9WyMaY.tatsu-column{width: 20%;}}@media only screen and (min-width:768px) and (max-width: 1024px) {.tatsu-row > .tatsu-r1j9WyMaY.tatsu-column{width: 20%;}}@media only screen and (max-width: 767px) {.tatsu-row > .tatsu-r1j9WyMaY.tatsu-column{width: 100%;}}<\/style><\/div><div  class=\"tatsu-column  tatsu-bg-overlay tatsu-one-fifth tatsu-column-image- tatsu-column-effect-  tatsu-ryxj9byz6F\"  data-parallax-speed=\"0\" style=\"\"><div class=\"tatsu-column-inner \" ><div class=\"tatsu-column-pad-wrap\"><div class=\"tatsu-column-pad\" ><div  class=\"tatsu-single-image tatsu-module align-center tatsu-image-lazyload tatsu-external-image tatsu-rkt7FwY3t  \" ><div class=\"tatsu-single-image-inner \" style=\"\" ><div class = \"tatsu-single-image-padding-wrap\" style = \"\" ><\/div><a href = \"https:\/\/www.decitre.fr\/livres\/mission-blablacar-9782416003547.html\" target = \"_blank\" ><img class = \"tatsu-gradient-border\" data-src = \"http:\/\/missionblablacar.com\/wp-content\/uploads\/2022\/01\/Logo_decitre_ok.jpg\" alt =\" \"  src =\"data:image\/png;base64,iVBORw0KGgoAAAANSUhEUgAAAAEAAAABCAQAAAC1HAwCAAAAC0lEQVR42mNkYAAAAAYAAjCB0C8AAAAASUVORK5CYII=\"  \/><\/a><\/div><style>.tatsu-rkt7FwY3t{margin: 5px 0px 0px 0px;}.tatsu-rkt7FwY3t .tatsu-single-image-inner{border-style: solid;max-width: 50%;}.tatsu-rkt7FwY3t.tatsu-single-image{transform: translate3d(0px,0px, 0);}@media only screen and (min-width:768px) and (max-width: 1024px) {.tatsu-rkt7FwY3t .tatsu-single-image-inner{max-width: 15%;}}<\/style><\/div><\/div><\/div><div class = \"tatsu-column-bg-image-wrap\"><div class = \"tatsu-column-bg-image\" ><\/div><\/div><div class=\"tatsu-overlay tatsu-column-overlay tatsu-animate-none\" ><\/div><\/div><style>.tatsu-row > .tatsu-ryxj9byz6F.tatsu-column{width: 20%;}.tatsu-ryxj9byz6F.tatsu-column > .tatsu-column-inner > .tatsu-column-overlay{mix-blend-mode: normal;}.tatsu-ryxj9byz6F > .tatsu-column-inner > .tatsu-top-divider{z-index: 9999;}.tatsu-ryxj9byz6F > .tatsu-column-inner > .tatsu-bottom-divider{z-index: 9999;}.tatsu-ryxj9byz6F > .tatsu-column-inner > .tatsu-left-divider{z-index: 9999;}.tatsu-ryxj9byz6F > .tatsu-column-inner > .tatsu-right-divider{z-index: 9999;}@media only screen and (max-width:1377px) {.tatsu-row > .tatsu-ryxj9byz6F.tatsu-column{width: 20%;}}@media only screen and (min-width:768px) and (max-width: 1024px) {.tatsu-row > .tatsu-ryxj9byz6F.tatsu-column{width: 20%;}}@media only screen and (max-width: 767px) {.tatsu-row > .tatsu-ryxj9byz6F.tatsu-column{width: 100%;}}<\/style><\/div><div  class=\"tatsu-column  tatsu-bg-overlay tatsu-one-fifth tatsu-column-image- tatsu-column-effect-  tatsu-B1-jqZ1M6Y\"  data-parallax-speed=\"0\" style=\"\"><div class=\"tatsu-column-inner \" ><div class=\"tatsu-column-pad-wrap\"><div class=\"tatsu-column-pad\" ><div  class=\"tatsu-single-image tatsu-module align-center tatsu-image-lazyload tatsu-external-image tatsu-S1b4twF2Y  \" ><div class=\"tatsu-single-image-inner \" style=\"\" ><div class = \"tatsu-single-image-padding-wrap\" style = \"\" ><\/div><a href = \"https:\/\/www.amazon.fr\/gp\/product\/2416003542\/ref=dbs_a_def_rwt_hsch_vapi_taft_p1_i0\" target = \"_blank\" ><img class = \"tatsu-gradient-border\" data-src = \"http:\/\/missionblablacar.com\/wp-content\/uploads\/2022\/01\/Logo_amazon_ok2.jpg\" alt =\" \"  src =\"data:image\/png;base64,iVBORw0KGgoAAAANSUhEUgAAAAEAAAABCAQAAAC1HAwCAAAAC0lEQVR42mNkYAAAAAYAAjCB0C8AAAAASUVORK5CYII=\"  \/><\/a><\/div><style>.tatsu-S1b4twF2Y .tatsu-single-image-inner{border-style: solid;max-width: 60%;}.tatsu-S1b4twF2Y.tatsu-single-image{transform: translate3d(0px,0px, 0);}@media only screen and (min-width:768px) and (max-width: 1024px) {.tatsu-S1b4twF2Y .tatsu-single-image-inner{max-width: 25%;}}<\/style><\/div><\/div><\/div><div class = \"tatsu-column-bg-image-wrap\"><div class = \"tatsu-column-bg-image\" ><\/div><\/div><div class=\"tatsu-overlay tatsu-column-overlay tatsu-animate-none\" ><\/div><\/div><style>.tatsu-row > .tatsu-B1-jqZ1M6Y.tatsu-column{width: 20%;}.tatsu-B1-jqZ1M6Y.tatsu-column > .tatsu-column-inner > .tatsu-column-overlay{mix-blend-mode: normal;}.tatsu-B1-jqZ1M6Y > .tatsu-column-inner > .tatsu-top-divider{z-index: 9999;}.tatsu-B1-jqZ1M6Y > .tatsu-column-inner > .tatsu-bottom-divider{z-index: 9999;}.tatsu-B1-jqZ1M6Y > .tatsu-column-inner > .tatsu-left-divider{z-index: 9999;}.tatsu-B1-jqZ1M6Y > .tatsu-column-inner > .tatsu-right-divider{z-index: 9999;}@media only screen and (max-width:1377px) {.tatsu-row > .tatsu-B1-jqZ1M6Y.tatsu-column{width: 20%;}}@media only screen and (min-width:768px) and (max-width: 1024px) {.tatsu-row > .tatsu-B1-jqZ1M6Y.tatsu-column{width: 20%;}}@media only screen and (max-width: 767px) {.tatsu-row > .tatsu-B1-jqZ1M6Y.tatsu-column{width: 100%;}}<\/style><\/div><div  class=\"tatsu-column  tatsu-bg-overlay tatsu-one-fifth tatsu-column-image- tatsu-column-effect-  tatsu-ryMs5ZJzaY\"  data-parallax-speed=\"0\" style=\"\"><div class=\"tatsu-column-inner \" ><div class=\"tatsu-column-pad-wrap\"><div class=\"tatsu-column-pad\" ><div  class=\"tatsu-single-image tatsu-module align-center tatsu-image-lazyload tatsu-external-image tatsu-SyjEKvt2Y  \" ><div class=\"tatsu-single-image-inner \" style=\"\" ><div class = \"tatsu-single-image-padding-wrap\" style = \"\" ><\/div><a href = \"https:\/\/www.furet.com\/livres\/mission-blablacar-frederic-mazzella-9782416003547.html\" target = \"_blank\" ><img class = \"tatsu-gradient-border\" data-src = \"http:\/\/missionblablacar.com\/wp-content\/uploads\/2022\/01\/Logo_furet_ok.jpg\" alt =\" \"  src =\"data:image\/png;base64,iVBORw0KGgoAAAANSUhEUgAAAAEAAAABCAQAAAC1HAwCAAAAC0lEQVR42mNkYAAAAAYAAjCB0C8AAAAASUVORK5CYII=\"  \/><\/a><\/div><style>.tatsu-SyjEKvt2Y{margin: 5px 0px 0px 0px;}.tatsu-SyjEKvt2Y .tatsu-single-image-inner{border-style: solid;max-width: 50%;}.tatsu-SyjEKvt2Y.tatsu-single-image{transform: translate3d(0px,0px, 0);}@media only screen and (min-width:768px) and (max-width: 1024px) {.tatsu-SyjEKvt2Y .tatsu-single-image-inner{max-width: 15%;}}<\/style><\/div><\/div><\/div><div class = \"tatsu-column-bg-image-wrap\"><div class = \"tatsu-column-bg-image\" ><\/div><\/div><div class=\"tatsu-overlay tatsu-column-overlay tatsu-animate-none\" ><\/div><\/div><style>.tatsu-row > .tatsu-ryMs5ZJzaY.tatsu-column{width: 20%;}.tatsu-ryMs5ZJzaY.tatsu-column > .tatsu-column-inner > .tatsu-column-overlay{mix-blend-mode: normal;}.tatsu-ryMs5ZJzaY > .tatsu-column-inner > .tatsu-top-divider{z-index: 9999;}.tatsu-ryMs5ZJzaY > .tatsu-column-inner > .tatsu-bottom-divider{z-index: 9999;}.tatsu-ryMs5ZJzaY > .tatsu-column-inner > .tatsu-left-divider{z-index: 9999;}.tatsu-ryMs5ZJzaY > .tatsu-column-inner > .tatsu-right-divider{z-index: 9999;}@media only screen and (max-width:1377px) {.tatsu-row > .tatsu-ryMs5ZJzaY.tatsu-column{width: 20%;}}@media only screen and (min-width:768px) and (max-width: 1024px) {.tatsu-row > .tatsu-ryMs5ZJzaY.tatsu-column{width: 20%;}}@media only screen and (max-width: 767px) {.tatsu-row > .tatsu-ryMs5ZJzaY.tatsu-column{width: 100%;}}<\/style><\/div><div  class=\"tatsu-column  tatsu-bg-overlay tatsu-one-fifth tatsu-column-image- tatsu-column-effect-  tatsu-Hymo9Zyzat\"  data-parallax-speed=\"0\" style=\"\"><div class=\"tatsu-column-inner \" ><div class=\"tatsu-column-pad-wrap\"><div class=\"tatsu-column-pad\" ><div  class=\"tatsu-single-image tatsu-module align-center tatsu-image-lazyload tatsu-external-image tatsu-Sy7HYDt3F  \" ><div class=\"tatsu-single-image-inner \" style=\"\" ><div class = \"tatsu-single-image-padding-wrap\" style = \"\" ><\/div><a href = \"https:\/\/www.cultura.com\/mission-l-histoire-et-les-methodes-derriere-le-phenomene-blablacar-9782416003547.html\" target = \"_blank\" ><img class = \"tatsu-gradient-border\" data-src = \"http:\/\/missionblablacar.com\/wp-content\/uploads\/2022\/01\/Logo_cultura_ok3.jpg\" alt =\" \"  src =\"data:image\/png;base64,iVBORw0KGgoAAAANSUhEUgAAAAEAAAABCAQAAAC1HAwCAAAAC0lEQVR42mNkYAAAAAYAAjCB0C8AAAAASUVORK5CYII=\"  \/><\/a><\/div><style>.tatsu-Sy7HYDt3F .tatsu-single-image-inner{border-style: solid;max-width: 60%;}.tatsu-Sy7HYDt3F.tatsu-single-image{transform: translate3d(0px,0px, 0);}@media only screen and (min-width:768px) and (max-width: 1024px) {.tatsu-Sy7HYDt3F .tatsu-single-image-inner{max-width: 25%;}}<\/style><\/div><\/div><\/div><div class = \"tatsu-column-bg-image-wrap\"><div class = \"tatsu-column-bg-image\" ><\/div><\/div><div class=\"tatsu-overlay tatsu-column-overlay tatsu-animate-none\" ><\/div><\/div><style>.tatsu-row > .tatsu-Hymo9Zyzat.tatsu-column{width: 20%;}.tatsu-Hymo9Zyzat.tatsu-column > .tatsu-column-inner > .tatsu-column-overlay{mix-blend-mode: normal;}.tatsu-Hymo9Zyzat > .tatsu-column-inner > .tatsu-top-divider{z-index: 9999;}.tatsu-Hymo9Zyzat > .tatsu-column-inner > .tatsu-bottom-divider{z-index: 9999;}.tatsu-Hymo9Zyzat > .tatsu-column-inner > .tatsu-left-divider{z-index: 9999;}.tatsu-Hymo9Zyzat > .tatsu-column-inner > .tatsu-right-divider{z-index: 9999;}@media only screen and (max-width:1377px) {.tatsu-row > .tatsu-Hymo9Zyzat.tatsu-column{width: 20%;}}@media only screen and (min-width:768px) and (max-width: 1024px) {.tatsu-row > .tatsu-Hymo9Zyzat.tatsu-column{width: 20%;}}@media only screen and (max-width: 767px) {.tatsu-row > .tatsu-Hymo9Zyzat.tatsu-column{width: 100%;}}<\/style><\/div><\/div><\/div><\/div><\/div><div class = \"tatsu-column-bg-image-wrap\"><div class = \"tatsu-column-bg-image\" ><\/div><\/div><div class=\"tatsu-overlay tatsu-column-overlay tatsu-animate-none\" ><\/div><\/div><style>.tatsu-row > .tatsu-r1zP_PthY.tatsu-column{width: 100%;}.tatsu-r1zP_PthY.tatsu-column > .tatsu-column-inner > .tatsu-column-overlay{mix-blend-mode: normal;}.tatsu-r1zP_PthY > .tatsu-column-inner > .tatsu-top-divider{z-index: 9999;}.tatsu-r1zP_PthY > .tatsu-column-inner > .tatsu-bottom-divider{z-index: 9999;}.tatsu-r1zP_PthY > .tatsu-column-inner > .tatsu-left-divider{z-index: 9999;}.tatsu-r1zP_PthY > .tatsu-column-inner > .tatsu-right-divider{z-index: 9999;}@media only screen and (max-width:1377px) {.tatsu-row > .tatsu-r1zP_PthY.tatsu-column{width: 100%;}}@media only screen and (min-width:768px) and (max-width: 1024px) {.tatsu-row > .tatsu-r1zP_PthY.tatsu-column{width: 100%;}}@media only screen and (max-width: 767px) {.tatsu-row > .tatsu-r1zP_PthY.tatsu-column{width: 100%;}}<\/style><\/div><\/div><\/div><\/div><div class=\"tatsu-section-background-wrap\"><div class = \"tatsu-section-background\" ><\/div><\/div><div class=\"tatsu-overlay tatsu-section-overlay\"><\/div><style>.tatsu-SyWMv_vY2t .tatsu-section-pad{padding: 90px 15% 199px 15%;}.tatsu-SyWMv_vY2t .tatsu-section-offset-wrap{transform: translateY(-0px);}.tatsu-SyWMv_vY2t > .tatsu-bottom-divider{z-index: 9999;}.tatsu-SyWMv_vY2t > .tatsu-top-divider{z-index: 9999;}.tatsu-SyWMv_vY2t .tatsu-section-overlay{mix-blend-mode: normal;}@media only screen and (max-width: 767px) {.tatsu-SyWMv_vY2t .tatsu-section-pad{padding: 60px 5% 60px 5%;}}<\/style><\/div>\n","protected":false},"excerpt":{"rendered":"<div><a href=\"https:\/\/missionblablacar.com\/php-index\/home\/acheter-le-livre\/\" class=\"exp-read-more exp-read-more-underlined\">Read More<\/a><\/div>\n","protected":false},"author":1,"featured_media":0,"parent":0,"menu_order":0,"comment_status":"closed","ping_status":"closed","template":"","meta":{"footnotes":""},"class_list":["post-41","page","type-page","status-publish","hentry"],"yoast_head":"<!-- This site is optimized with the Yoast SEO plugin v25.6 - https:\/\/yoast.com\/wordpress\/plugins\/seo\/ -->\n<title>Acheter le livre - Mission BlaBlaCar<\/title>\n<meta name=\"description\" content=\"Le livre est disponible : plongez d\u00e8s maintenant dans le parcours \u00e9motionnel et intellectuel de la cr\u00e9ation de BlaBlaCar\" \/>\n<meta name=\"robots\" content=\"index, follow, max-snippet:-1, max-image-preview:large, max-video-preview:-1\" \/>\n<link rel=\"canonical\" href=\"https:\/\/missionblablacar.com\/php-index\/home\/acheter-le-livre\/\" \/>\n<meta property=\"og:locale\" content=\"fr_FR\" \/>\n<meta property=\"og:type\" content=\"article\" \/>\n<meta property=\"og:title\" content=\"Acheter le livre - Mission BlaBlaCar\" \/>\n<meta property=\"og:description\" content=\"Le livre est disponible : plongez d\u00e8s maintenant dans le parcours \u00e9motionnel et intellectuel de la cr\u00e9ation de BlaBlaCar\" \/>\n<meta property=\"og:url\" content=\"https:\/\/missionblablacar.com\/php-index\/home\/acheter-le-livre\/\" \/>\n<meta property=\"og:site_name\" content=\"Mission BlaBlaCar\" \/>\n<meta property=\"article:publisher\" content=\"https:\/\/www.facebook.com\/mazzella.frederic\" \/>\n<meta property=\"article:modified_time\" content=\"2022-02-18T11:26:21+00:00\" \/>\n<meta name=\"twitter:card\" content=\"summary_large_image\" \/>\n<meta name=\"twitter:site\" content=\"@mazaic\" \/>\n<meta name=\"twitter:label1\" content=\"Dur\u00e9e de lecture estim\u00e9e\" \/>\n\t<meta name=\"twitter:data1\" content=\"6 minutes\" \/>\n<script type=\"application\/ld+json\" class=\"yoast-schema-graph\">{\"@context\":\"https:\/\/schema.org\",\"@graph\":[{\"@type\":\"WebPage\",\"@id\":\"https:\/\/missionblablacar.com\/php-index\/home\/acheter-le-livre\/\",\"url\":\"https:\/\/missionblablacar.com\/php-index\/home\/acheter-le-livre\/\",\"name\":\"Acheter le livre - Mission BlaBlaCar\",\"isPartOf\":{\"@id\":\"https:\/\/missionblablacar.com\/php-index\/home\/#website\"},\"datePublished\":\"2022-01-09T22:03:16+00:00\",\"dateModified\":\"2022-02-18T11:26:21+00:00\",\"description\":\"Le livre est disponible : plongez d\u00e8s maintenant dans le parcours \u00e9motionnel et intellectuel de la cr\u00e9ation de BlaBlaCar\",\"breadcrumb\":{\"@id\":\"https:\/\/missionblablacar.com\/php-index\/home\/acheter-le-livre\/#breadcrumb\"},\"inLanguage\":\"fr-FR\",\"potentialAction\":[{\"@type\":\"ReadAction\",\"target\":[\"https:\/\/missionblablacar.com\/php-index\/home\/acheter-le-livre\/\"]}]},{\"@type\":\"BreadcrumbList\",\"@id\":\"https:\/\/missionblablacar.com\/php-index\/home\/acheter-le-livre\/#breadcrumb\",\"itemListElement\":[{\"@type\":\"ListItem\",\"position\":1,\"name\":\"Accueil\",\"item\":\"https:\/\/missionblablacar.com\/php-index\/home\/\"},{\"@type\":\"ListItem\",\"position\":2,\"name\":\"Acheter le livre\"}]},{\"@type\":\"WebSite\",\"@id\":\"https:\/\/missionblablacar.com\/php-index\/home\/#website\",\"url\":\"https:\/\/missionblablacar.com\/php-index\/home\/\",\"name\":\"Mission BlaBlaCar\",\"description\":\"Un livre sur l&#039;entreprenariat par le fondateur de BlaBlaCar\",\"publisher\":{\"@id\":\"https:\/\/missionblablacar.com\/php-index\/home\/#organization\"},\"potentialAction\":[{\"@type\":\"SearchAction\",\"target\":{\"@type\":\"EntryPoint\",\"urlTemplate\":\"https:\/\/missionblablacar.com\/php-index\/home\/?s={search_term_string}\"},\"query-input\":{\"@type\":\"PropertyValueSpecification\",\"valueRequired\":true,\"valueName\":\"search_term_string\"}}],\"inLanguage\":\"fr-FR\"},{\"@type\":\"Organization\",\"@id\":\"https:\/\/missionblablacar.com\/php-index\/home\/#organization\",\"name\":\"Mission BlaBlaCar\",\"url\":\"https:\/\/missionblablacar.com\/php-index\/home\/\",\"logo\":{\"@type\":\"ImageObject\",\"inLanguage\":\"fr-FR\",\"@id\":\"https:\/\/missionblablacar.com\/php-index\/home\/#\/schema\/logo\/image\/\",\"url\":\"http:\/\/missionblablacar.com\/wp-content\/uploads\/2022\/01\/cropped-logo_livre-1.png\",\"contentUrl\":\"http:\/\/missionblablacar.com\/wp-content\/uploads\/2022\/01\/cropped-logo_livre-1.png\",\"width\":270,\"height\":100,\"caption\":\"Mission BlaBlaCar\"},\"image\":{\"@id\":\"https:\/\/missionblablacar.com\/php-index\/home\/#\/schema\/logo\/image\/\"},\"sameAs\":[\"https:\/\/www.facebook.com\/mazzella.frederic\",\"https:\/\/x.com\/mazaic\",\"https:\/\/www.instagram.com\/fredericmazzella\/?hl=fr\",\"https:\/\/www.linkedin.com\/in\/fredericmazzella\/?locale=fr_FR\",\"https:\/\/fr.wikipedia.org\/wiki\/Frederic_Mazzella\"]}]}<\/script>\n<!-- \/ Yoast SEO plugin. -->","yoast_head_json":{"title":"Acheter le livre - Mission BlaBlaCar","description":"Le livre est disponible : plongez d\u00e8s maintenant dans le parcours \u00e9motionnel et intellectuel de la cr\u00e9ation de BlaBlaCar","robots":{"index":"index","follow":"follow","max-snippet":"max-snippet:-1","max-image-preview":"max-image-preview:large","max-video-preview":"max-video-preview:-1"},"canonical":"https:\/\/missionblablacar.com\/php-index\/home\/acheter-le-livre\/","og_locale":"fr_FR","og_type":"article","og_title":"Acheter le livre - Mission BlaBlaCar","og_description":"Le livre est disponible : plongez d\u00e8s maintenant dans le parcours \u00e9motionnel et intellectuel de la cr\u00e9ation de BlaBlaCar","og_url":"https:\/\/missionblablacar.com\/php-index\/home\/acheter-le-livre\/","og_site_name":"Mission BlaBlaCar","article_publisher":"https:\/\/www.facebook.com\/mazzella.frederic","article_modified_time":"2022-02-18T11:26:21+00:00","twitter_card":"summary_large_image","twitter_site":"@mazaic","twitter_misc":{"Dur\u00e9e de lecture estim\u00e9e":"6 minutes"},"schema":{"@context":"https:\/\/schema.org","@graph":[{"@type":"WebPage","@id":"https:\/\/missionblablacar.com\/php-index\/home\/acheter-le-livre\/","url":"https:\/\/missionblablacar.com\/php-index\/home\/acheter-le-livre\/","name":"Acheter le livre - Mission BlaBlaCar","isPartOf":{"@id":"https:\/\/missionblablacar.com\/php-index\/home\/#website"},"datePublished":"2022-01-09T22:03:16+00:00","dateModified":"2022-02-18T11:26:21+00:00","description":"Le livre est disponible : plongez d\u00e8s maintenant dans le parcours \u00e9motionnel et intellectuel de la cr\u00e9ation de BlaBlaCar","breadcrumb":{"@id":"https:\/\/missionblablacar.com\/php-index\/home\/acheter-le-livre\/#breadcrumb"},"inLanguage":"fr-FR","potentialAction":[{"@type":"ReadAction","target":["https:\/\/missionblablacar.com\/php-index\/home\/acheter-le-livre\/"]}]},{"@type":"BreadcrumbList","@id":"https:\/\/missionblablacar.com\/php-index\/home\/acheter-le-livre\/#breadcrumb","itemListElement":[{"@type":"ListItem","position":1,"name":"Accueil","item":"https:\/\/missionblablacar.com\/php-index\/home\/"},{"@type":"ListItem","position":2,"name":"Acheter le livre"}]},{"@type":"WebSite","@id":"https:\/\/missionblablacar.com\/php-index\/home\/#website","url":"https:\/\/missionblablacar.com\/php-index\/home\/","name":"Mission BlaBlaCar","description":"Un livre sur l&#039;entreprenariat par le fondateur de BlaBlaCar","publisher":{"@id":"https:\/\/missionblablacar.com\/php-index\/home\/#organization"},"potentialAction":[{"@type":"SearchAction","target":{"@type":"EntryPoint","urlTemplate":"https:\/\/missionblablacar.com\/php-index\/home\/?s={search_term_string}"},"query-input":{"@type":"PropertyValueSpecification","valueRequired":true,"valueName":"search_term_string"}}],"inLanguage":"fr-FR"},{"@type":"Organization","@id":"https:\/\/missionblablacar.com\/php-index\/home\/#organization","name":"Mission BlaBlaCar","url":"https:\/\/missionblablacar.com\/php-index\/home\/","logo":{"@type":"ImageObject","inLanguage":"fr-FR","@id":"https:\/\/missionblablacar.com\/php-index\/home\/#\/schema\/logo\/image\/","url":"http:\/\/missionblablacar.com\/wp-content\/uploads\/2022\/01\/cropped-logo_livre-1.png","contentUrl":"http:\/\/missionblablacar.com\/wp-content\/uploads\/2022\/01\/cropped-logo_livre-1.png","width":270,"height":100,"caption":"Mission BlaBlaCar"},"image":{"@id":"https:\/\/missionblablacar.com\/php-index\/home\/#\/schema\/logo\/image\/"},"sameAs":["https:\/\/www.facebook.com\/mazzella.frederic","https:\/\/x.com\/mazaic","https:\/\/www.instagram.com\/fredericmazzella\/?hl=fr","https:\/\/www.linkedin.com\/in\/fredericmazzella\/?locale=fr_FR","https:\/\/fr.wikipedia.org\/wiki\/Frederic_Mazzella"]}]}},"_links":{"self":[{"href":"https:\/\/missionblablacar.com\/php-index\/home\/wp-json\/wp\/v2\/pages\/41"}],"collection":[{"href":"https:\/\/missionblablacar.com\/php-index\/home\/wp-json\/wp\/v2\/pages"}],"about":[{"href":"https:\/\/missionblablacar.com\/php-index\/home\/wp-json\/wp\/v2\/types\/page"}],"author":[{"embeddable":true,"href":"https:\/\/missionblablacar.com\/php-index\/home\/wp-json\/wp\/v2\/users\/1"}],"replies":[{"embeddable":true,"href":"https:\/\/missionblablacar.com\/php-index\/home\/wp-json\/wp\/v2\/comments?post=41"}],"version-history":[{"count":1,"href":"https:\/\/missionblablacar.com\/php-index\/home\/wp-json\/wp\/v2\/pages\/41\/revisions"}],"predecessor-version":[{"id":1358,"href":"https:\/\/missionblablacar.com\/php-index\/home\/wp-json\/wp\/v2\/pages\/41\/revisions\/1358"}],"wp:attachment":[{"href":"https:\/\/missionblablacar.com\/php-index\/home\/wp-json\/wp\/v2\/media?parent=41"}],"curies":[{"name":"wp","href":"https:\/\/api.w.org\/{rel}","templated":true}]}}